{"id":2,"date":"2022-09-24T19:16:33","date_gmt":"2022-09-24T19:16:33","guid":{"rendered":"https:\/\/myblog-55tmp2pmzl.live-website.com\/?page_id=2"},"modified":"2022-10-25T22:35:30","modified_gmt":"2022-10-25T20:35:30","slug":"sample-page","status":"publish","type":"page","link":"https:\/\/myblog-55tmp2pmzl.live-website.com\/?page_id=2","title":{"rendered":"Info"},"content":{"rendered":"\r\n<p><span style=\"color: #993300;\"><strong><span style=\"font-size: 24pt;\">T\u00e9rminos y condiciones<\/span><\/strong><\/span><\/p>\r\n<p><span style=\"font-size: 14pt;\">Esta es la tienda de <strong>alhama.com<\/strong>, donde facilitamos el env\u00edo de las publicaciones alhame\u00f1as y comarcales:<\/span><\/p>\r\n\r\n\r\n\r\n<blockquote class=\"wp-block-quote\">\r\n<p>Es <strong>una tienda sin \u00e1nimo de lucro<\/strong>, donde no hay beneficios, el importe corresponde al env\u00edo de la publicaci\u00f3n junto con el precio del mismo adquirido en el establecimiento correspondiente, si es que no ha sido de difusi\u00f3n gratuita, m\u00e1s los gastos que suponga el env\u00edo.<\/p>\r\n<\/blockquote>\r\n\r\n\r\n\r\n<p><span style=\"font-size: 14pt;\"><strong>Publicaciones gratis<\/strong><\/span><\/p>\r\n<blockquote>\r\n<p>Las publicaciones gratis te las enviamos s\u00f3lo pagando los gastos de correo o mensajer\u00eda, y los adicionales que puedan generar por la comisi\u00f3n del uso de tarjeta, etc., pero siempre sin \u00e1nimo de lucro.<\/p>\r\n<\/blockquote>\r\n<p><span style=\"font-size: 14pt;\"><strong>Publicaciones pagadas<\/strong><\/span><\/p>\r\n<blockquote>\r\n<p>Las publicaciones pagadas, el precio de su adquisici\u00f3n en el establecimiento correspondiente, mas los gastos se\u00f1alados anteriormente.<\/p>\r\n<\/blockquote>\r\n<p><span style=\"font-size: 14pt;\"><strong>Env\u00edos s\u00f3lo a Espa\u00f1a<\/strong><\/span><\/p>\r\n<blockquote>\r\n<p>Los env\u00edos s\u00f3lo se hacen a Espa\u00f1a, para pedidos a otro pa\u00eds tendr\u00edan que contactar con nosotros para enterarnos del coste que supondr\u00eda el env\u00edo al destino que indiquen.<\/p>\r\n<\/blockquote>\r\n<p><span style=\"font-size: 14pt;\"><strong>Precio indicado<\/strong><\/span><\/p>\r\n<blockquote>\r\n<p>En el precio que se indica en la publicaci\u00f3n ya est\u00e1 todo esto incluido.<\/p>\r\n<\/blockquote>\r\n<p><span style=\"font-size: 14pt;\"><strong>Servicio para nuestro usuarios<\/strong><\/span><\/p>\r\n\r\n\r\n\r\n<blockquote class=\"wp-block-quote\">\r\n<p>Un servicio para las personas que est\u00e1n fuera de nuestra comarca y quieren adquirir las publicaciones que se realizan, y no tienen posibilidad de saber el establecimiento, organismo o entidad a quien dirigirse o como conseguirlas. El \u00fanico inter\u00e9s que tenemos nosotros es ser meros intermediarios para que puedan obtenerlas.<\/p>\r\n<\/blockquote>\r\n\r\n\r\n\r\n<p><span style=\"font-size: 14pt;\"><strong>Env\u00edos<\/strong><\/span><\/p>\r\n<blockquote>\r\n<p>Los env\u00edo se realizan de uno a tres d\u00edas siguientes al pedido, en d\u00edas laborables.<\/p>\r\n<\/blockquote>\r\n<p><span style=\"font-size: 14pt;\"><strong>Precio m\u00ednimo por env\u00edo<\/strong><\/span><\/p>\r\n<blockquote>\r\n<p>El precio m\u00ednimo se establece en <strong>5 euros<\/strong> (cinco euros), supeditado a los incrementos que pueda haber en el servicio de correos p mensajer\u00eda, as\u00ed como en las comisiones de gesti\u00f3n bancarias.<\/p>\r\n<\/blockquote>\r\n<p><span style=\"font-size: 14pt;\"><strong>Devoluciones<\/strong><\/span><\/p>\r\n<blockquote>\r\n<p>Al ser un servicio si \u00e1nimo de lucro no se admiten devoluciones que no sean por una equivocaci\u00f3n de origen, como que la publicaci\u00f3n no haya sido la solicitada, pero no por otras razones.<\/p>\r\n<\/blockquote>\r\n<p><span style=\"font-size: 14pt;\"><strong>Aceptaci\u00f3n<\/strong><\/span><\/p>\r\n<blockquote>\r\n<p>Si usted solicita el env\u00edo de una de las publicaciones aqu\u00ed expuestas, se entiende que ha le\u00eddo esta informaci\u00f3n y est\u00e1 de acuerdo con estas condiciones, sin que en ning\u00fan caso sea motivo de reclamaci\u00f3n o litigio y renuncia expresamente a ello.<\/p>\r\n<\/blockquote>\r\n<p><em><strong>Alhama de Granada, 12 de octubre de 2022<\/strong><\/em><\/p>\r\n<p><a href=\"https:\/\/myblog-55tmp2pmzl.live-website.com\/?page_id=3\">Puede acceder desde aqu\u00ed a la pol\u00edtica de privacidad<\/a>.<\/p>\r\n\r\n<div>\u00a0<\/div>","protected":false},"excerpt":{"rendered":"<p>T\u00e9rminos y condiciones Esta es la tienda de alhama.com, donde facilitamos el env\u00edo de las publicaciones alhame\u00f1as y comarcales: Es una tienda sin \u00e1nimo de lucro, donde no hay beneficios, el importe corresponde al env\u00edo de la publicaci\u00f3n junto con el precio del mismo adquirido en el establecimiento correspondiente, si es que no ha sido [&hellip;]<\/p>\n","protected":false},"author":1,"featured_media":0,"parent":0,"menu_order":2,"comment_status":"closed","ping_status":"open","template":"","meta":{"_themeisle_gutenberg_block_has_review":false},"_links":{"self":[{"href":"https:\/\/myblog-55tmp2pmzl.live-website.com\/index.php?rest_route=\/wp\/v2\/pages\/2"}],"collection":[{"href":"https:\/\/myblog-55tmp2pmzl.live-website.com\/index.php?rest_route=\/wp\/v2\/pages"}],"about":[{"href":"https:\/\/myblog-55tmp2pmzl.live-website.com\/index.php?rest_route=\/wp\/v2\/types\/page"}],"author":[{"embeddable":true,"href":"https:\/\/myblog-55tmp2pmzl.live-website.com\/index.php?rest_route=\/wp\/v2\/users\/1"}],"replies":[{"embeddable":true,"href":"https:\/\/myblog-55tmp2pmzl.live-website.com\/index.php?rest_route=%2Fwp%2Fv2%2Fcomments&post=2"}],"version-history":[{"count":16,"href":"https:\/\/myblog-55tmp2pmzl.live-website.com\/index.php?rest_route=\/wp\/v2\/pages\/2\/revisions"}],"predecessor-version":[{"id":157,"href":"https:\/\/myblog-55tmp2pmzl.live-website.com\/index.php?rest_route=\/wp\/v2\/pages\/2\/revisions\/157"}],"wp:attachment":[{"href":"https:\/\/myblog-55tmp2pmzl.live-website.com\/index.php?rest_route=%2Fwp%2Fv2%2Fmedia&parent=2"}],"curies":[{"name":"wp","href":"https:\/\/api.w.org\/{rel}","templated":true}]}}