{"id":128,"date":"2021-02-27T23:39:38","date_gmt":"2021-02-27T21:39:38","guid":{"rendered":"https:\/\/myblog-55tmp2pmzl.live-website.com\/?post_type=product&#038;p=128"},"modified":"2022-10-24T09:50:36","modified_gmt":"2022-10-24T07:50:36","slug":"anuario-pea-2021","status":"publish","type":"product","link":"https:\/\/myblog-55tmp2pmzl.live-website.com\/?product=anuario-pea-2021","title":{"rendered":"Anuario PEA 2021 &#8211; PR\u00d3XIMAMENTE"},"content":{"rendered":"<p>Anuario del Patronato de Estudios Alhame\u00f1os del a\u00f1o 2021<\/p>\n","protected":false},"excerpt":{"rendered":"<p>Anuario del Patronato de Estudios Alhame\u00f1os del a\u00f1o 2021<\/p>\n","protected":false},"featured_media":129,"template":"","meta":{"_themeisle_gutenberg_block_has_review":false},"product_cat":[22],"product_tag":[],"_links":{"self":[{"href":"https:\/\/myblog-55tmp2pmzl.live-website.com\/index.php?rest_route=\/wp\/v2\/product\/128"}],"collection":[{"href":"https:\/\/myblog-55tmp2pmzl.live-website.com\/index.php?rest_route=\/wp\/v2\/product"}],"about":[{"href":"https:\/\/myblog-55tmp2pmzl.live-website.com\/index.php?rest_route=\/wp\/v2\/types\/product"}],"wp:featuredmedia":[{"embeddable":true,"href":"https:\/\/myblog-55tmp2pmzl.live-website.com\/index.php?rest_route=\/wp\/v2\/media\/129"}],"wp:attachment":[{"href":"https:\/\/myblog-55tmp2pmzl.live-website.com\/index.php?rest_route=%2Fwp%2Fv2%2Fmedia&parent=128"}],"wp:term":[{"taxonomy":"product_cat","embeddable":true,"href":"https:\/\/myblog-55tmp2pmzl.live-website.com\/index.php?rest_route=%2Fwp%2Fv2%2Fproduct_cat&post=128"},{"taxonomy":"product_tag","embeddable":true,"href":"https:\/\/myblog-55tmp2pmzl.live-website.com\/index.php?rest_route=%2Fwp%2Fv2%2Fproduct_tag&post=128"}],"curies":[{"name":"wp","href":"https:\/\/api.w.org\/{rel}","templated":true}]}}