{"id":132,"date":"2022-02-27T10:07:19","date_gmt":"2022-02-27T08:07:19","guid":{"rendered":"https:\/\/myblog-55tmp2pmzl.live-website.com\/?post_type=product&#038;p=132"},"modified":"2022-10-25T09:19:19","modified_gmt":"2022-10-25T07:19:19","slug":"anuario-pea-2022-proximamente","status":"publish","type":"product","link":"https:\/\/myblog-55tmp2pmzl.live-website.com\/?product=anuario-pea-2022-proximamente","title":{"rendered":"Anuario PEA 2022 &#8211; PR\u00d3XIMAMENTE"},"content":{"rendered":"<p>Anuario del Patronato de Estudios Alhame\u00f1os del a\u00f1o 2022.<\/p>\n<p><span style=\"color: #993300; font-size: 18pt;\"><strong>El sumario de este a\u00f1o es el siguiente<\/strong><\/span><br \/>\n1 30 a\u00f1os y 214 distinciones<br \/>\n2 Proclama de Alhama<br \/>\n3 Los Premios Alhama, 2020 se expanden por todo el mundo<br \/>\n6 La XXV Velada de los Romances, sobresaliente cum laude<br \/>\n9 Un monumento para hacer visible la Historia de Alhama<br \/>\n11 El Patronato de Estudios Alhame\u00f1os convoca la V Edici\u00f3n del Premio \u201cEduardo de Hinojosa y Naveros en Ciencias Jur\u00eddicas\u201d<br \/>\n13 Premios Alhama 1992-2021<br \/>\n15 Premios Alhama 2021<br \/>\n18 Ricardo de Hinojosa y Naveros, un alhame\u00f1o en el Archivo Secreto del Vaticano<br \/>\n20 El Patronato de Estudios Alhame\u00f1os y la Universidad de Granada acuerdan un convenio marco de colaboraci\u00f3n entre ambas entidades<br \/>\n21 Rastst\u00e4tte en Aquisgr\u00e1n expuso las pinturas de Silverio G\u00e1lvez<br \/>\n22 La Portada del Sol<br \/>\n23 Acerca del origen alhame\u00f1o de Am\u00e9rico Castro. Un alhame\u00f1o oriundo universal<br \/>\n24 \u00a1Ay moro alcaide, moro alcaide, que hasta la vida perdiste!<br \/>\n26 Bosques a\u00f1orados, sendas con historia y una \u201cabuela\u201d singular<br \/>\n28 El orgullo de tener un pueblo<br \/>\n29 Aquello que no vemos<br \/>\n30 Rafael Branchat y Vime de Prada Reivindicando la salud p\u00fablica en tiempos de pandemia<br \/>\n31 Rutas hist\u00f3rico-literarias por las calles de Alhama<br \/>\n32 Alhama, regreso a la infancia<br \/>\n33 20\u00ba aniversario de la visita de Felipe de Borb\u00f3n a Alhama de Granada<br \/>\n34 Alhama Matem\u00e1tica<br \/>\n36 \u00bfPara cu\u00e1ndo una pel\u00edcula de la historia de Elena\/o de C\u00e9spedes?<br \/>\n37 Veinte a\u00f1os de fraude de Radio Alhama y perdido hasta el nombre<br \/>\n38 Andr\u00e9s Garc\u00eda Maldonado, Premio Cardenal Herrera 2022.<\/p>\n<p><span style=\"font-size: 18pt; color: #993300;\"><strong>Informaci\u00f3n relacionada<\/strong><\/span><\/p>\n<p>&#8211; <a href=\"https:\/\/alhamacomarcal.blogspot.com\/2022\/02\/este-jueves-y-viernes-se-distribuyen.html\" target=\"_blank\" rel=\"noopener\">Se distribuyen los anuarios del Patronato 2022<\/a>.<\/p>\n<p>&#8211; <a href=\"https:\/\/alhamacomarcal.blogspot.com\/2022\/03\/treinta-anos-propiciando-el-reencuentro.html\" target=\"_blank\" rel=\"noopener\">Treinta a\u00f1os propiciando el reencuentro y estrechando lazos con la comarca<\/a>.<\/p>\n<p>&nbsp;<\/p>\n","protected":false},"excerpt":{"rendered":"<p>Anuario del Patronato de Estudios Alhame\u00f1os del a\u00f1o 2022. El sumario de este a\u00f1o es el siguiente 1 30 a\u00f1os y 214 distinciones 2 Proclama de Alhama 3 Los Premios Alhama, 2020 se expanden por todo el mundo 6 La XXV Velada de los Romances, sobresaliente cum laude 9 Un monumento para hacer visible la [&hellip;]<\/p>\n","protected":false},"featured_media":133,"template":"","meta":{"_themeisle_gutenberg_block_has_review":false},"product_cat":[22],"product_tag":[],"_links":{"self":[{"href":"https:\/\/myblog-55tmp2pmzl.live-website.com\/index.php?rest_route=\/wp\/v2\/product\/132"}],"collection":[{"href":"https:\/\/myblog-55tmp2pmzl.live-website.com\/index.php?rest_route=\/wp\/v2\/product"}],"about":[{"href":"https:\/\/myblog-55tmp2pmzl.live-website.com\/index.php?rest_route=\/wp\/v2\/types\/product"}],"wp:featuredmedia":[{"embeddable":true,"href":"https:\/\/myblog-55tmp2pmzl.live-website.com\/index.php?rest_route=\/wp\/v2\/media\/133"}],"wp:attachment":[{"href":"https:\/\/myblog-55tmp2pmzl.live-website.com\/index.php?rest_route=%2Fwp%2Fv2%2Fmedia&parent=132"}],"wp:term":[{"taxonomy":"product_cat","embeddable":true,"href":"https:\/\/myblog-55tmp2pmzl.live-website.com\/index.php?rest_route=%2Fwp%2Fv2%2Fproduct_cat&post=132"},{"taxonomy":"product_tag","embeddable":true,"href":"https:\/\/myblog-55tmp2pmzl.live-website.com\/index.php?rest_route=%2Fwp%2Fv2%2Fproduct_tag&post=132"}],"curies":[{"name":"wp","href":"https:\/\/api.w.org\/{rel}","templated":true}]}}