{"id":134,"date":"2019-02-27T10:16:21","date_gmt":"2019-02-27T08:16:21","guid":{"rendered":"https:\/\/myblog-55tmp2pmzl.live-website.com\/?post_type=product&#038;p=134"},"modified":"2022-10-24T10:18:09","modified_gmt":"2022-10-24T08:18:09","slug":"anuario-pea-2019-proximamente","status":"publish","type":"product","link":"https:\/\/myblog-55tmp2pmzl.live-website.com\/?product=anuario-pea-2019-proximamente","title":{"rendered":"Anuario PEA 2019 \u2013 PR\u00d3XIMAMENTE"},"content":{"rendered":"<p>Anuario del Patronato de Estudios Alhame\u00f1os del a\u00f1o 2019<\/p>\n","protected":false},"excerpt":{"rendered":"<p>Anuario del Patronato de Estudios Alhame\u00f1os del a\u00f1o 2019<\/p>\n","protected":false},"featured_media":135,"template":"","meta":{"_themeisle_gutenberg_block_has_review":false},"product_cat":[22],"product_tag":[],"_links":{"self":[{"href":"https:\/\/myblog-55tmp2pmzl.live-website.com\/index.php?rest_route=\/wp\/v2\/product\/134"}],"collection":[{"href":"https:\/\/myblog-55tmp2pmzl.live-website.com\/index.php?rest_route=\/wp\/v2\/product"}],"about":[{"href":"https:\/\/myblog-55tmp2pmzl.live-website.com\/index.php?rest_route=\/wp\/v2\/types\/product"}],"wp:featuredmedia":[{"embeddable":true,"href":"https:\/\/myblog-55tmp2pmzl.live-website.com\/index.php?rest_route=\/wp\/v2\/media\/135"}],"wp:attachment":[{"href":"https:\/\/myblog-55tmp2pmzl.live-website.com\/index.php?rest_route=%2Fwp%2Fv2%2Fmedia&parent=134"}],"wp:term":[{"taxonomy":"product_cat","embeddable":true,"href":"https:\/\/myblog-55tmp2pmzl.live-website.com\/index.php?rest_route=%2Fwp%2Fv2%2Fproduct_cat&post=134"},{"taxonomy":"product_tag","embeddable":true,"href":"https:\/\/myblog-55tmp2pmzl.live-website.com\/index.php?rest_route=%2Fwp%2Fv2%2Fproduct_tag&post=134"}],"curies":[{"name":"wp","href":"https:\/\/api.w.org\/{rel}","templated":true}]}}